{"id":4285,"date":"2021-07-28T09:57:01","date_gmt":"2021-07-28T07:57:01","guid":{"rendered":"https:\/\/sipadi.umh.es\/?page_id=4285"},"modified":"2021-09-14T19:59:04","modified_gmt":"2021-09-14T17:59:04","slug":"comite","status":"publish","type":"page","link":"https:\/\/sipadi.umh.es\/ca\/comite\/","title":{"rendered":"comit\u00e9"},"content":{"rendered":"<p>[et_pb_section fb_built=&#8221;1&#8243; _builder_version=&#8221;4.2.2&#8243;][et_pb_row _builder_version=&#8221;4.2.2&#8243; collapsed=&#8221;off&#8221;][et_pb_column type=&#8221;4_4&#8243; _builder_version=&#8221;4.2.2&#8243;][et_pb_text _builder_version=&#8221;4.2.2&#8243; text_font=&#8221;Lato||||||||&#8221; text_font_size=&#8221;34px&#8221; text_letter_spacing=&#8221;1px&#8221; background_color=&#8221;#ADFF2F&#8221;]<\/p>\n<pre style=\"padding-left: 30px\"><span style=\"color: #000000;font-size: 14pt\"><strong><span style=\"font-family: lato, sans-serif\">COMIT\u00c9 CIENT\u00cdFICO   <\/span><\/strong><\/span><span style=\"font-size: medium;font-family: lato, sans-serif\"><span style=\"color: #000000\">(PROFESORADO MUECA)<\/span><\/span><\/pre>\n<p style=\"padding-left: 30px\"><span style=\"font-size: medium;font-family: lato, sans-serif\"><span style=\"color: #000000\"><\/span><\/span><\/p>\n<p>[\/et_pb_text][\/et_pb_column][\/et_pb_row][et_pb_row column_structure=&#8221;1_4,1_4,1_2&#8243; _builder_version=&#8221;4.2.2&#8243;][et_pb_column type=&#8221;1_4&#8243; _builder_version=&#8221;4.2.2&#8243;][et_pb_text _builder_version=&#8221;4.2.2&#8243; text_font=&#8221;Lato||||||||&#8221; text_text_color=&#8221;#000000&#8243; text_letter_spacing=&#8221;1px&#8221;]<\/p>\n<h5 class=\"p1\" style=\"color: #333333;padding-bottom: 10px;line-height: 1em;font-weight: 500;font-size: 16px;font-family: 'Open Sans', Arial, sans-serif\"><span style=\"text-decoration: underline\"><strong>CENTROS INTERNACIONALES<\/strong><\/span><\/h5>\n<p class=\"p1\" style=\"padding-bottom: 1em;color: #666666;font-family: 'Open Sans', Arial, sans-serif\"><span class=\"s1\"><strong>BUAP, Puebla (M\u00c9XICO)<\/strong><\/span><\/p>\n<ul style=\"color: #666666;font-family: 'Open Sans', Arial, sans-serif\">\n<li class=\"p2\">Coco Guti\u00e9rrez Magallanes<\/li>\n<\/ul>\n<p class=\"p1\" style=\"padding-bottom: 1em;color: #666666;font-family: 'Open Sans', Arial, sans-serif\"><span class=\"s1\"><strong>CalARTS, California,\u00a0<\/strong><\/span><strong>Institute for the Arts (ESTADOS UNIDOS)<\/strong><\/p>\n<ul style=\"color: #666666;font-family: 'Open Sans', Arial, sans-serif\">\n<li class=\"p2\">Nina H\u00f6chtl<\/li>\n<\/ul>\n<p class=\"p1\" style=\"padding-bottom: 1em;color: #666666;font-family: 'Open Sans', Arial, sans-serif\"><span class=\"s1\"><strong>COLEF, Tijuana\u00a0<strong>(M\u00c9XICO)<\/strong><\/strong><\/span><\/p>\n<ul style=\"color: #666666;font-family: 'Open Sans', Arial, sans-serif\">\n<li class=\"p2\">Sayak Valencia<\/li>\n<\/ul>\n<p class=\"p1\" style=\"padding-bottom: 1em;color: #666666;font-family: 'Open Sans', Arial, sans-serif\"><span class=\"s1\"><strong>Indiana University\u00a0<strong>(ESTADOS UNIDOS)<\/strong><\/strong><\/span><\/p>\n<ul style=\"color: #666666;font-family: 'Open Sans', Arial, sans-serif\">\n<li class=\"p2\">Shane Green<\/li>\n<\/ul>\n<p class=\"p1\" style=\"padding-bottom: 1em;color: #666666;font-family: 'Open Sans', Arial, sans-serif\"><span class=\"s1\"><strong>UNAM,\u00a0Ciudad de M\u00e9xico\u00a0<strong>(M\u00c9XICO)<\/strong><\/strong><\/span><\/p>\n<ul style=\"color: #666666;font-family: 'Open Sans', Arial, sans-serif\">\n<li class=\"p2\">Marisa Belausteguigoitia<\/li>\n<li class=\"p2\">R\u00edan Lozano<\/li>\n<li class=\"p2\">Bel\u00e9n Romero<\/li>\n<\/ul>\n<h5 class=\"p1\" style=\"color: #333333;padding-bottom: 10px;line-height: 1em;font-weight: 500;font-size: 16px;font-family: 'Open Sans', Arial, sans-serif\"><\/h5>\n<h5 class=\"p1\"><span style=\"text-decoration: underline\"><strong>CENTROS<\/strong><\/span><strong>\u00a0 \u00a0 \u00a0 \u00a0 \u00a0 <\/strong><span style=\"text-decoration: underline\"><strong>NACIONALES<\/strong><\/span><\/h5>\n<p class=\"p1\" style=\"padding-bottom: 1em;color: #666666;font-family: 'Open Sans', Arial, sans-serif\"><span class=\"s1\"><strong>Universidad del Pa\u00eds Vasco (EHU)<\/strong><\/span><\/p>\n<ul style=\"color: #666666;font-family: 'Open Sans', Arial, sans-serif\">\n<li class=\"p2\">Laura Muelas<\/li>\n<\/ul>\n<p class=\"p1\" style=\"padding-bottom: 1em;color: #666666;font-family: 'Open Sans', Arial, sans-serif\"><span class=\"s1\"><strong>Universidad Rey Juan Carlos<\/strong><\/span><\/p>\n<ul style=\"color: #666666;font-family: 'Open Sans', Arial, sans-serif\">\n<li class=\"p2\">Lucas Platero<\/li>\n<\/ul>\n<p class=\"p1\" style=\"padding-bottom: 1em;color: #666666;font-family: 'Open Sans', Arial, sans-serif\"><span class=\"s1\"><strong>Universitat de Barcelona<\/strong><\/span><\/p>\n<ul style=\"color: #666666;font-family: 'Open Sans', Arial, sans-serif\">\n<li class=\"p2\">Diego Marchante<\/li>\n<\/ul>\n<p class=\"p1\" style=\"padding-bottom: 0px;color: #666666;font-family: 'Open Sans', Arial, sans-serif\"><span class=\"s1\"><strong>Universidad\u00a0<\/strong><\/span><strong>de Castilla-La Mancha<\/strong><\/p>\n<ul style=\"color: #666666;font-family: 'Open Sans', Arial, sans-serif\">\n<li class=\"p2\">Ana Navarrete<\/li>\n<\/ul>\n<p>[\/et_pb_text][\/et_pb_column][et_pb_column type=&#8221;1_4&#8243; _builder_version=&#8221;4.2.2&#8243;][et_pb_text _builder_version=&#8221;4.2.2&#8243; text_font=&#8221;Lato||||||||&#8221; text_letter_spacing=&#8221;1px&#8221;]<\/p>\n<p class=\"p1\" style=\"padding-bottom: 1em;color: #666666;font-family: 'Open Sans', Arial, sans-serif\"><span class=\"s1\"><strong>Universidad\u00a0<\/strong><\/span><strong>Complutense de Madrid<\/strong><\/p>\n<ul style=\"color: #666666;font-family: 'Open Sans', Arial, sans-serif\">\n<li class=\"p2\">Yera Moreno \/Colektivof<\/li>\n<li class=\"p2\">Mar\u00eda Ros\u00f3n<\/li>\n<li class=\"p2\">Gracia Trujillo<\/li>\n<li class=\"p2\">Fefa Vila<\/li>\n<\/ul>\n<p class=\"p1\" style=\"padding-bottom: 1em;color: #666666;font-family: 'Open Sans', Arial, sans-serif\"><span class=\"s1\"><strong>Universitat de Girona<\/strong><\/span><\/p>\n<ul style=\"color: #666666;font-family: 'Open Sans', Arial, sans-serif\">\n<li class=\"p2\">Judith Vidiella<\/li>\n<\/ul>\n<p class=\"p1\" style=\"padding-bottom: 1em;color: #666666;font-family: 'Open Sans', Arial, sans-serif\"><span class=\"s1\"><strong>Universidad de Murcia<\/strong><\/span><\/p>\n<ul style=\"color: #666666;font-family: 'Open Sans', Arial, sans-serif\">\n<li class=\"p2\">Jes\u00fas Mart\u00ednez Oliva<\/li>\n<li class=\"p2\">Isabel Tejeda<\/li>\n<li class=\"p2\">Virginia Villaplana<\/li>\n<\/ul>\n<p class=\"p1\" style=\"padding-bottom: 1em;color: #666666;font-family: 'Open Sans', Arial, sans-serif\"><span class=\"s1\"><strong>UNED<\/strong><\/span><\/p>\n<ul style=\"color: #666666;font-family: 'Open Sans', Arial, sans-serif\">\n<li class=\"p2\">Raquel Osborne<\/li>\n<\/ul>\n<p class=\"p1\" style=\"padding-bottom: 1em;color: #666666;font-family: 'Open Sans', Arial, sans-serif\"><span class=\"s1\"><strong>Universidad Polit\u00e8cnica de Val\u00e8ncia<\/strong><\/span><\/p>\n<ul style=\"color: #666666;font-family: 'Open Sans', Arial, sans-serif\">\n<li class=\"p2\">Juan Vicente Aliaga<\/li>\n<li class=\"p2\">Pepe Miralles<\/li>\n<li class=\"p2\">Natividad Naval\u00f3n<\/li>\n<li class=\"p2\">Carmen Navarrete<\/li>\n<\/ul>\n<p class=\"p1\" style=\"padding-bottom: 1em;color: #666666;font-family: 'Open Sans', Arial, sans-serif\"><span class=\"s1\"><strong>Universitat de Val\u00e8ncia<\/strong><\/span><\/p>\n<ul style=\"color: #666666;font-family: 'Open Sans', Arial, sans-serif\">\n<li class=\"p2\">Amparo Alonso<\/li>\n<li class=\"p2\">Ricard Huerta<\/li>\n<\/ul>\n<p class=\"p1\" style=\"padding-bottom: 1em;color: #666666;font-family: 'Open Sans', Arial, sans-serif\"><span class=\"s1\"><strong>Universidade de Vigo<\/strong><\/span><\/p>\n<ul style=\"color: #666666;font-family: 'Open Sans', Arial, sans-serif\">\n<li class=\"p2\">Xos\u00e9 Manuel Bux\u00e1n Br\u00e1n<\/li>\n<li class=\"p2\">Yolanda Herranz<\/li>\n<\/ul>\n<p class=\"p1\" style=\"padding-bottom: 1em;color: #666666;font-family: 'Open Sans', Arial, sans-serif\"><span class=\"s1\"><strong>Universitas Miguel Hern\u00e1ndez<\/strong><\/span><\/p>\n<ul style=\"color: #666666;font-family: 'Open Sans', Arial, sans-serif\">\n<li class=\"p2\">Johanna Caplliure<\/li>\n<li class=\"p2\">Carmen Garc\u00eda Muriana<\/li>\n<li class=\"p2\">Beatriz Hig\u00f3n<\/li>\n<li class=\"p2\">Mario-Paul Mart\u00ednez Fabre<\/li>\n<li class=\"p2\">Javi Moreno<\/li>\n<li class=\"p2\">Lourdes Santamar\u00eda<\/li>\n<li class=\"p2\">Bibiana Soledad S\u00e1nchez<\/li>\n<li class=\"p2\">Tatiana Sentamans<\/li>\n<li class=\"p2\">Daniel Tejero<\/li>\n<\/ul>\n<p class=\"p1\" style=\"padding-bottom: 0px;color: #666666;font-family: 'Open Sans', Arial, sans-serif\"><span class=\"s2\">*<\/span><span class=\"s1\"><strong>\u00a0<\/strong><\/span><strong>Especialistas independientes<\/strong><\/p>\n<ul style=\"color: #666666;font-family: 'Open Sans', Arial, sans-serif\">\n<li class=\"p2\">Luc\u00eda Ega\u00f1a Rojas<\/li>\n<li class=\"p2\">Ana Lozano<\/li>\n<li class=\"p2\">Luis Noguerol<\/li>\n<li class=\"p2\">Elena\/Urko Post-Op<\/li>\n<\/ul>\n<p>[\/et_pb_text][\/et_pb_column][et_pb_column type=&#8221;1_2&#8243; _builder_version=&#8221;4.2.2&#8243;][et_pb_image src=&#8221;https:\/\/sipadi.umh.es\/files\/2021\/07\/landingpagesoloheader2.jpg&#8221; _builder_version=&#8221;4.2.2&#8243; hover_enabled=&#8221;0&#8243; url=&#8221;mueca.edu.umh.es&#8221; url_new_window=&#8221;on&#8221;][\/et_pb_image][\/et_pb_column][\/et_pb_row][\/et_pb_section]<\/p>\n","protected":false},"excerpt":{"rendered":"<p>COMIT\u00c9 CIENT\u00cdFICO (PROFESORADO MUECA) CENTROS INTERNACIONALES BUAP, Puebla (M\u00c9XICO) Coco Guti\u00e9rrez Magallanes CalARTS, California,\u00a0Institute for the Arts (ESTADOS UNIDOS) Nina H\u00f6chtl COLEF, Tijuana\u00a0(M\u00c9XICO) Sayak Valencia Indiana University\u00a0(ESTADOS UNIDOS) Shane Green UNAM,\u00a0Ciudad de M\u00e9xico\u00a0(M\u00c9XICO) Marisa Belausteguigoitia R\u00edan Lozano Bel\u00e9n Romero CENTROS\u00a0 \u00a0 \u00a0 \u00a0 \u00a0 NACIONALES Universidad del Pa\u00eds Vasco (EHU) Laura Muelas Universidad Rey Juan [&hellip;]<\/p>\n","protected":false},"author":202,"featured_media":0,"parent":0,"menu_order":0,"comment_status":"closed","ping_status":"closed","template":"","meta":{"_et_pb_use_builder":"on","_et_pb_old_content":"","_et_gb_content_width":"","_links_to":"","_links_to_target":""},"_links":{"self":[{"href":"https:\/\/sipadi.umh.es\/ca\/wp-json\/wp\/v2\/pages\/4285"}],"collection":[{"href":"https:\/\/sipadi.umh.es\/ca\/wp-json\/wp\/v2\/pages"}],"about":[{"href":"https:\/\/sipadi.umh.es\/ca\/wp-json\/wp\/v2\/types\/page"}],"author":[{"embeddable":true,"href":"https:\/\/sipadi.umh.es\/ca\/wp-json\/wp\/v2\/users\/202"}],"replies":[{"embeddable":true,"href":"https:\/\/sipadi.umh.es\/ca\/wp-json\/wp\/v2\/comments?post=4285"}],"version-history":[{"count":0,"href":"https:\/\/sipadi.umh.es\/ca\/wp-json\/wp\/v2\/pages\/4285\/revisions"}],"wp:attachment":[{"href":"https:\/\/sipadi.umh.es\/ca\/wp-json\/wp\/v2\/media?parent=4285"}],"curies":[{"name":"wp","href":"https:\/\/api.w.org\/{rel}","templated":true}]}}